{"id":21,"date":"2024-01-14T18:08:04","date_gmt":"2024-01-14T17:08:04","guid":{"rendered":"https:\/\/dual.dgetichiapas.com\/?page_id=21"},"modified":"2024-07-09T23:28:53","modified_gmt":"2024-07-09T21:28:53","slug":"empresas","status":"publish","type":"page","link":"https:\/\/dual.dgetichiapas.com\/index.php\/empresas\/","title":{"rendered":"EMPRESAS"},"content":{"rendered":"\n<p>En el Estado de Chiapas la DGETI ha logrado establecer Convenios de Colaboraci\u00f3n para espacios de formaci\u00f3n DUAL para nuestras y nuestros estudiantes, y continuamos trabajando para lograr la apertura de un mayor n\u00famero de espacios. <\/p>\n\n\n\n<p>Las instituciones con las que actualmente se tienen convenios en Chiapas son: <\/p>\n\n\n\n<div class=\"wp-block-columns is-layout-flex wp-container-core-columns-layout-1 wp-block-columns-is-layout-flex\">\n<div class=\"wp-block-column is-layout-flow wp-block-column-is-layout-flow\">\n<figure class=\"wp-block-image size-full\"><img loading=\"lazy\" decoding=\"async\" width=\"400\" height=\"400\" src=\"https:\/\/dual.dgetichiapas.com\/wp-content\/uploads\/2024\/01\/upgch.png\" alt=\"\" class=\"wp-image-68\"\/><\/figure>\n<\/div>\n\n\n\n<div class=\"wp-block-column is-layout-flow wp-block-column-is-layout-flow\">\n<figure class=\"wp-block-image size-full is-resized\"><img loading=\"lazy\" decoding=\"async\" width=\"647\" height=\"618\" src=\"https:\/\/dual.dgetichiapas.com\/wp-content\/uploads\/2024\/01\/semahn-1.jpg\" alt=\"\" class=\"wp-image-71\" style=\"width:227px;height:auto\"\/><\/figure>\n<\/div>\n\n\n\n<div class=\"wp-block-column is-layout-flow wp-block-column-is-layout-flow\">\n<figure class=\"wp-block-image size-full\"><img loading=\"lazy\" decoding=\"async\" width=\"285\" height=\"160\" src=\"https:\/\/dual.dgetichiapas.com\/wp-content\/uploads\/2024\/01\/kreston.png\" alt=\"\" class=\"wp-image-70\"\/><\/figure>\n<\/div>\n<\/div>\n\n\n\n<div class=\"wp-block-columns is-layout-flex wp-container-core-columns-layout-2 wp-block-columns-is-layout-flex\">\n<div class=\"wp-block-column is-layout-flow wp-block-column-is-layout-flow\">\n<figure class=\"wp-block-image aligncenter size-full\"><img loading=\"lazy\" decoding=\"async\" width=\"1600\" height=\"1131\" src=\"https:\/\/dual.dgetichiapas.com\/wp-content\/uploads\/2024\/07\/CLUSTER.jpeg\" alt=\"\" class=\"wp-image-330\"\/><\/figure>\n<\/div>\n\n\n\n<div class=\"wp-block-column is-layout-flow wp-block-column-is-layout-flow\">\n<figure class=\"wp-block-image aligncenter size-full is-resized\"><img loading=\"lazy\" decoding=\"async\" width=\"300\" height=\"300\" src=\"https:\/\/dual.dgetichiapas.com\/wp-content\/uploads\/2024\/07\/US.png\" alt=\"\" class=\"wp-image-332\" style=\"width:181px;height:auto\"\/><\/figure>\n<\/div>\n\n\n\n<div class=\"wp-block-column is-layout-flow wp-block-column-is-layout-flow\">\n<figure class=\"wp-block-image aligncenter size-full is-resized\"><img loading=\"lazy\" decoding=\"async\" width=\"300\" height=\"300\" src=\"https:\/\/dual.dgetichiapas.com\/wp-content\/uploads\/2024\/07\/FRAY-VICTOR.png\" alt=\"\" class=\"wp-image-333\" style=\"width:177px;height:auto\"\/><\/figure>\n<\/div>\n<\/div>\n\n\n\n<div class=\"wp-block-columns is-layout-flex wp-container-core-columns-layout-3 wp-block-columns-is-layout-flex\">\n<div class=\"wp-block-column is-layout-flow wp-block-column-is-layout-flow\">\n<figure class=\"wp-block-image size-full\"><img loading=\"lazy\" decoding=\"async\" width=\"1252\" height=\"313\" src=\"https:\/\/dual.dgetichiapas.com\/wp-content\/uploads\/2024\/07\/METHA-GRUPO-CONSTRUCTOR.jpg\" alt=\"\" class=\"wp-image-344\"\/><\/figure>\n<\/div>\n\n\n\n<div class=\"wp-block-column is-layout-flow wp-block-column-is-layout-flow\">\n<figure class=\"wp-block-image size-full\"><img loading=\"lazy\" decoding=\"async\" width=\"1433\" height=\"577\" src=\"https:\/\/dual.dgetichiapas.com\/wp-content\/uploads\/2024\/07\/ICTI.png\" alt=\"\" class=\"wp-image-346\"\/><\/figure>\n<\/div>\n<\/div>\n\n\n\n<div class=\"wp-block-columns is-layout-flex wp-container-core-columns-layout-4 wp-block-columns-is-layout-flex\">\n<div class=\"wp-block-column is-layout-flow wp-block-column-is-layout-flow\">\n<p>Si eres parte de una Empresa del Estado de Chiapas y tienes inter\u00e9s por conocer m\u00e1s sobre la opci\u00f3n DUAL y la posibilidad de incorporar estudiantes bajo el esquema DUAL, solicita informes al 9616682017 con el Coordinador de la Opci\u00f3n DUAL del CBTIS 144, C\u00e9sar Augusto Flores Barrientos. <\/p>\n<\/div>\n<\/div>\n\n\n\n<div class=\"wp-block-columns is-layout-flex wp-container-core-columns-layout-5 wp-block-columns-is-layout-flex\">\n<div class=\"wp-block-column is-layout-flow wp-block-column-is-layout-flow\">\n<div class=\"wp-block-buttons is-layout-flex wp-block-buttons-is-layout-flex\">\n<div class=\"wp-block-button\"><a class=\"wp-block-button__link wp-element-button\">CBTIS 144 &#8211; Tuxtla Guti\u00e9rrez<\/a><\/div>\n<\/div>\n<\/div>\n\n\n\n<div class=\"wp-block-column is-layout-flow wp-block-column-is-layout-flow\">\n<div class=\"wp-block-buttons is-layout-flex wp-block-buttons-is-layout-flex\">\n<div class=\"wp-block-button\"><a class=\"wp-block-button__link wp-element-button\">CETIS 138 &#8211; Tuxtla Guti\u00e9rrez<\/a><\/div>\n<\/div>\n<\/div>\n\n\n\n<div class=\"wp-block-column is-layout-flow wp-block-column-is-layout-flow\">\n<div class=\"wp-block-buttons is-layout-flex wp-block-buttons-is-layout-flex\">\n<div class=\"wp-block-button\"><a class=\"wp-block-button__link wp-element-button\">CBTIS 233 &#8211; Tuxtla Guti\u00e9rrez<\/a><\/div>\n<\/div>\n<\/div>\n<\/div>\n\n\n\n<div class=\"wp-block-columns is-layout-flex wp-container-core-columns-layout-6 wp-block-columns-is-layout-flex\">\n<div class=\"wp-block-column is-layout-flow wp-block-column-is-layout-flow\">\n<p>Soporte y Mantenimiento de Equipo de C\u00f3mputo<\/p>\n\n\n\n<p>Inteligencia Artificial<\/p>\n\n\n\n<p>Laboratorista Qu\u00edmico<\/p>\n\n\n\n<p>Contabilidad<\/p>\n\n\n\n<p>Construcci\u00f3n<\/p>\n<\/div>\n\n\n\n<div class=\"wp-block-column is-layout-flow wp-block-column-is-layout-flow\">\n<p>Recursos Humanos<\/p>\n\n\n\n<p>Programaci\u00f3n<\/p>\n\n\n\n<p>Contabilidad<\/p>\n\n\n\n<p>Ciberseguridad<\/p>\n<\/div>\n\n\n\n<div class=\"wp-block-column is-layout-flow wp-block-column-is-layout-flow\">\n<p>Mecatr\u00f3nica<\/p>\n\n\n\n<p>Electricidad<\/p>\n\n\n\n<p>Recursos Humanos<\/p>\n\n\n\n<p>Mantenimiento Automotriz<\/p>\n\n\n\n<p>Laboratorista Cl\u00ednico (No aplica DUAL)<\/p>\n<\/div>\n<\/div>\n\n\n\n<div class=\"wp-block-columns is-layout-flex wp-container-core-columns-layout-7 wp-block-columns-is-layout-flex\">\n<div class=\"wp-block-column is-layout-flow wp-block-column-is-layout-flow\">\n<div class=\"wp-block-buttons is-layout-flex wp-block-buttons-is-layout-flex\">\n<div class=\"wp-block-button\"><a class=\"wp-block-button__link wp-element-button\">CETIS 085 &#8211; Huixtla<\/a><\/div>\n<\/div>\n<\/div>\n\n\n\n<div class=\"wp-block-column is-layout-flow wp-block-column-is-layout-flow\">\n<div class=\"wp-block-buttons is-layout-flex wp-block-buttons-is-layout-flex\">\n<div class=\"wp-block-button\"><a class=\"wp-block-button__link wp-element-button\">CBTIS 092 &#8211; San Crist\u00f3bal de las Casas<\/a><\/div>\n<\/div>\n<\/div>\n\n\n\n<div class=\"wp-block-column is-layout-flow wp-block-column-is-layout-flow\">\n<div class=\"wp-block-buttons is-layout-flex wp-block-buttons-is-layout-flex\">\n<div class=\"wp-block-button\"><a class=\"wp-block-button__link wp-element-button\">CBTIS 108 &#8211; Comit\u00e1n de Dominguez<\/a><\/div>\n<\/div>\n<\/div>\n<\/div>\n\n\n\n<div class=\"wp-block-columns is-layout-flex wp-container-core-columns-layout-8 wp-block-columns-is-layout-flex\">\n<div class=\"wp-block-column is-layout-flow wp-block-column-is-layout-flow\">\n<p>Administraci\u00f3n de recursos humanos<\/p>\n\n\n\n<p>Mantenimiento Automotriz<\/p>\n\n\n\n<p>Programaci\u00f3n<\/p>\n<\/div>\n\n\n\n<div class=\"wp-block-column is-layout-flow wp-block-column-is-layout-flow\">\n<p>Mec\u00e1nica Industrial<\/p>\n\n\n\n<p>Preparaci\u00f3n de Alimentos y Bebidas<\/p>\n\n\n\n<p>Laboratorista Cl\u00ednico (No entra en DUAL)<\/p>\n\n\n\n<p>Trabajo Social<\/p>\n\n\n\n<p>Administraci\u00f3n de Recursos Humanos Programaci\u00f3n<\/p>\n<\/div>\n\n\n\n<div class=\"wp-block-column is-layout-flow wp-block-column-is-layout-flow\">\n<p>Mec\u00e1nica Industrial<\/p>\n\n\n\n<p>Laboratorista Qu\u00edmico<\/p>\n\n\n\n<p>Laboratorista Cl\u00ednico (No entra en DUAL)<\/p>\n\n\n\n<p>Contabilidad<\/p>\n\n\n\n<p>Log\u00edstica<\/p>\n\n\n\n<p>Construcci\u00f3n Administraci\u00f3n de Recursos Humanos<\/p>\n<\/div>\n<\/div>\n\n\n\n<div class=\"wp-block-columns is-layout-flex wp-container-core-columns-layout-9 wp-block-columns-is-layout-flex\">\n<div class=\"wp-block-column is-layout-flow wp-block-column-is-layout-flow\">\n<div class=\"wp-block-buttons is-layout-flex wp-block-buttons-is-layout-flex\">\n<div class=\"wp-block-button\"><a class=\"wp-block-button__link wp-element-button\">CBTIS 169 &#8211; Cintalapa de Figueroa<\/a><\/div>\n<\/div>\n<\/div>\n\n\n\n<div class=\"wp-block-column is-layout-flow wp-block-column-is-layout-flow\">\n<div class=\"wp-block-buttons is-layout-flex wp-block-buttons-is-layout-flex\">\n<div class=\"wp-block-button\"><a class=\"wp-block-button__link wp-element-button\">CBTIS 170 &#8211; Tonal\u00e1<\/a><\/div>\n<\/div>\n<\/div>\n\n\n\n<div class=\"wp-block-column is-layout-flow wp-block-column-is-layout-flow\">\n<div class=\"wp-block-buttons is-layout-flex wp-block-buttons-is-layout-flex\">\n<div class=\"wp-block-button\"><a class=\"wp-block-button__link wp-element-button\">CBTIS 243 &#8211; Motoz\u00edntla<\/a><\/div>\n<\/div>\n<\/div>\n<\/div>\n\n\n\n<div class=\"wp-block-columns is-layout-flex wp-container-core-columns-layout-10 wp-block-columns-is-layout-flex\">\n<div class=\"wp-block-column is-layout-flow wp-block-column-is-layout-flow\">\n<p>Electromec\u00e1nica<\/p>\n\n\n\n<p>Laboratorista Cl\u00ednico (No entra en DUAL)<\/p>\n\n\n\n<p>Administraci\u00f3n de Recursos Humanos<\/p>\n\n\n\n<p>Ofim\u00e1tica Programaci\u00f3n<\/p>\n<\/div>\n\n\n\n<div class=\"wp-block-column is-layout-flow wp-block-column-is-layout-flow\">\n<p>Electricidad<\/p>\n\n\n\n<p>Ofim\u00e1tica<\/p>\n\n\n\n<p>Programaci\u00f3n<\/p>\n\n\n\n<p>Laboratorista Qu\u00edmico<\/p>\n\n\n\n<p>Administraci\u00f3n de Recursos Humanos Enfermer\u00eda General (No participa en DUAL)<\/p>\n<\/div>\n\n\n\n<div class=\"wp-block-column is-layout-flow wp-block-column-is-layout-flow\">\n<p>Enfermer\u00eda General (No entra en DUAL)<\/p>\n\n\n\n<p>Ofim\u00e1tica<\/p>\n\n\n\n<p>Contabilidad<\/p>\n\n\n\n<p>Programaci\u00f3n Construcci\u00f3n<\/p>\n<\/div>\n<\/div>\n\n\n\n<div class=\"wp-block-columns is-layout-flex wp-container-core-columns-layout-11 wp-block-columns-is-layout-flex\">\n<div class=\"wp-block-column is-layout-flow wp-block-column-is-layout-flow\">\n<div class=\"wp-block-buttons is-layout-flex wp-block-buttons-is-layout-flex\">\n<div class=\"wp-block-button\"><a class=\"wp-block-button__link wp-element-button\">CETIS 136 &#8211; Comalapa<\/a><\/div>\n<\/div>\n<\/div>\n\n\n\n<div class=\"wp-block-column is-layout-flow wp-block-column-is-layout-flow\">\n<div class=\"wp-block-buttons is-layout-flex wp-block-buttons-is-layout-flex\">\n<div class=\"wp-block-button\"><a class=\"wp-block-button__link wp-element-button\">CETIS 137 &#8211; Tapachula<\/a><\/div>\n<\/div>\n<\/div>\n\n\n\n<div class=\"wp-block-column is-layout-flow wp-block-column-is-layout-flow\">\n<div class=\"wp-block-buttons is-layout-flex wp-block-buttons-is-layout-flex\">\n<div class=\"wp-block-button\"><a class=\"wp-block-button__link wp-element-button\">CETIS 158 &#8211; Villaflores<\/a><\/div>\n<\/div>\n<\/div>\n<\/div>\n\n\n\n<div class=\"wp-block-columns is-layout-flex wp-container-core-columns-layout-12 wp-block-columns-is-layout-flex\">\n<div class=\"wp-block-column is-layout-flow wp-block-column-is-layout-flow\">\n<p>Dise\u00f1o Gr\u00e1fico Digital<\/p>\n\n\n\n<p>Programaci\u00f3n<\/p>\n\n\n\n<p>Contabilidad<\/p>\n\n\n\n<p>Laboratorista Qu\u00edmico<\/p>\n<\/div>\n\n\n\n<div class=\"wp-block-column is-layout-flow wp-block-column-is-layout-flow\">\n<p>Administraci\u00f3n de Recursos Humanos<\/p>\n\n\n\n<p>Trabajo Social<\/p>\n\n\n\n<p>Producci\u00f3n industrial de alimentos Ventas<\/p>\n<\/div>\n\n\n\n<div class=\"wp-block-column is-layout-flow wp-block-column-is-layout-flow\">\n<p>Mantenimiento Automotriz&nbsp;<\/p>\n\n\n\n<p>Contabilidad&nbsp;<\/p>\n\n\n\n<p>Laboratorista Cl\u00ednico (No entra en DUAL)&nbsp;<\/p>\n\n\n\n<p>Enfermer\u00eda General (No entra en DUAL)&nbsp;<\/p>\n\n\n\n<p>Ciencia de Datos e Informaci\u00f3n&nbsp;<\/p>\n<\/div>\n<\/div>\n\n\n\n<div class=\"wp-block-columns is-layout-flex wp-container-core-columns-layout-13 wp-block-columns-is-layout-flex\">\n<div class=\"wp-block-column is-layout-flow wp-block-column-is-layout-flow\">\n<div class=\"wp-block-buttons is-layout-flex wp-block-buttons-is-layout-flex\">\n<div class=\"wp-block-button\"><a class=\"wp-block-button__link wp-element-button\">CBTIS 088 &#8211; Tapachula<\/a><\/div>\n<\/div>\n<\/div>\n\n\n\n<div class=\"wp-block-column is-layout-flow wp-block-column-is-layout-flow\"><\/div>\n\n\n\n<div class=\"wp-block-column is-layout-flow wp-block-column-is-layout-flow\"><\/div>\n<\/div>\n\n\n\n<div class=\"wp-block-columns is-layout-flex wp-container-core-columns-layout-14 wp-block-columns-is-layout-flex\">\n<div class=\"wp-block-column is-layout-flow wp-block-column-is-layout-flow\">\n<p>Mecatr\u00f3nica&nbsp;<\/p>\n\n\n\n<p>Contabilidad&nbsp;<\/p>\n\n\n\n<p>Programaci\u00f3n&nbsp;<\/p>\n\n\n\n<p>Electricidad&nbsp;<\/p>\n\n\n\n<p>Ofim\u00e1tica&nbsp;<\/p>\n\n\n\n<p>Mec\u00e1nica Industrial&nbsp;<\/p>\n<\/div>\n\n\n\n<div class=\"wp-block-column is-layout-flow wp-block-column-is-layout-flow\"><\/div>\n\n\n\n<div class=\"wp-block-column is-layout-flow wp-block-column-is-layout-flow\"><\/div>\n<\/div>\n","protected":false},"excerpt":{"rendered":"<p>En el Estado de Chiapas la DGETI ha logrado establecer Convenios de Colaboraci\u00f3n para espacios de formaci\u00f3n DUAL para nuestras y nuestros estudiantes, y continuamos trabajando para lograr la apertura de un mayor n\u00famero de espacios. Las instituciones con las que actualmente se tienen convenios en Chiapas son: Si eres parte de una Empresa del [&hellip;]<\/p>\n","protected":false},"author":1,"featured_media":0,"parent":0,"menu_order":0,"comment_status":"closed","ping_status":"closed","template":"","meta":{"ngg_post_thumbnail":0,"footnotes":""},"_links":{"self":[{"href":"https:\/\/dual.dgetichiapas.com\/index.php\/wp-json\/wp\/v2\/pages\/21"}],"collection":[{"href":"https:\/\/dual.dgetichiapas.com\/index.php\/wp-json\/wp\/v2\/pages"}],"about":[{"href":"https:\/\/dual.dgetichiapas.com\/index.php\/wp-json\/wp\/v2\/types\/page"}],"author":[{"embeddable":true,"href":"https:\/\/dual.dgetichiapas.com\/index.php\/wp-json\/wp\/v2\/users\/1"}],"replies":[{"embeddable":true,"href":"https:\/\/dual.dgetichiapas.com\/index.php\/wp-json\/wp\/v2\/comments?post=21"}],"version-history":[{"count":9,"href":"https:\/\/dual.dgetichiapas.com\/index.php\/wp-json\/wp\/v2\/pages\/21\/revisions"}],"predecessor-version":[{"id":349,"href":"https:\/\/dual.dgetichiapas.com\/index.php\/wp-json\/wp\/v2\/pages\/21\/revisions\/349"}],"wp:attachment":[{"href":"https:\/\/dual.dgetichiapas.com\/index.php\/wp-json\/wp\/v2\/media?parent=21"}],"curies":[{"name":"wp","href":"https:\/\/api.w.org\/{rel}","templated":true}]}}