{"id":23,"date":"2024-01-14T18:08:23","date_gmt":"2024-01-14T17:08:23","guid":{"rendered":"https:\/\/dual.dgetichiapas.com\/?page_id=23"},"modified":"2024-01-15T05:07:04","modified_gmt":"2024-01-15T04:07:04","slug":"video-tutoriales","status":"publish","type":"page","link":"https:\/\/dual.dgetichiapas.com\/index.php\/video-tutoriales\/","title":{"rendered":"V\u00cdDEO TUTORIALES"},"content":{"rendered":"\n<p>En esta secci\u00f3n encontrar\u00e1s v\u00eddeo tutoriales para comprender mejor la opci\u00f3n DUAL y la plataforma de educaci\u00f3n DUAL. La secci\u00f3n de v\u00eddeo tutoriales para docentes es de acceso restringido y requiere de contrase\u00f1a; la secci\u00f3n para estudiantes es de acceso libre. <\/p>\n\n\n\n<p><\/p>\n\n\n\n<div class=\"wp-block-columns is-layout-flex wp-container-core-columns-layout-1 wp-block-columns-is-layout-flex\">\n<div class=\"wp-block-column is-layout-flow wp-block-column-is-layout-flow\">\n<div class=\"wp-block-buttons is-layout-flex wp-block-buttons-is-layout-flex\">\n<div class=\"wp-block-button\"><a class=\"wp-block-button__link wp-element-button\" href=\"https:\/\/dual.dgetichiapas.com\/index.php\/video-tutoriales-estudiantes-dual\/\">V\u00eddeo Tutoriales para Estudiantes DUAL<\/a><\/div>\n<\/div>\n<\/div>\n\n\n\n<div class=\"wp-block-column is-layout-flow wp-block-column-is-layout-flow\">\n<div class=\"wp-block-buttons is-layout-flex wp-block-buttons-is-layout-flex\">\n<div class=\"wp-block-button\"><a class=\"wp-block-button__link wp-element-button\" href=\"https:\/\/dual.dgetichiapas.com\/index.php\/video-tutoriales-docentes-y-tutores-dual\/\">V\u00eddeo Tutoriales para Docentes y Tutores DUAL<\/a><\/div>\n<\/div>\n<\/div>\n<\/div>\n\n\n\n<p><\/p>\n","protected":false},"excerpt":{"rendered":"<p>En esta secci\u00f3n encontrar\u00e1s v\u00eddeo tutoriales para comprender mejor la opci\u00f3n DUAL y la plataforma de educaci\u00f3n DUAL. La secci\u00f3n de v\u00eddeo tutoriales para docentes es de acceso restringido y requiere de contrase\u00f1a; la secci\u00f3n para estudiantes es de acceso libre.<\/p>\n","protected":false},"author":1,"featured_media":0,"parent":0,"menu_order":0,"comment_status":"closed","ping_status":"closed","template":"","meta":{"ngg_post_thumbnail":0,"footnotes":""},"_links":{"self":[{"href":"https:\/\/dual.dgetichiapas.com\/index.php\/wp-json\/wp\/v2\/pages\/23"}],"collection":[{"href":"https:\/\/dual.dgetichiapas.com\/index.php\/wp-json\/wp\/v2\/pages"}],"about":[{"href":"https:\/\/dual.dgetichiapas.com\/index.php\/wp-json\/wp\/v2\/types\/page"}],"author":[{"embeddable":true,"href":"https:\/\/dual.dgetichiapas.com\/index.php\/wp-json\/wp\/v2\/users\/1"}],"replies":[{"embeddable":true,"href":"https:\/\/dual.dgetichiapas.com\/index.php\/wp-json\/wp\/v2\/comments?post=23"}],"version-history":[{"count":4,"href":"https:\/\/dual.dgetichiapas.com\/index.php\/wp-json\/wp\/v2\/pages\/23\/revisions"}],"predecessor-version":[{"id":228,"href":"https:\/\/dual.dgetichiapas.com\/index.php\/wp-json\/wp\/v2\/pages\/23\/revisions\/228"}],"wp:attachment":[{"href":"https:\/\/dual.dgetichiapas.com\/index.php\/wp-json\/wp\/v2\/media?parent=23"}],"curies":[{"name":"wp","href":"https:\/\/api.w.org\/{rel}","templated":true}]}}