{"id":25,"date":"2024-01-14T18:08:45","date_gmt":"2024-01-14T17:08:45","guid":{"rendered":"https:\/\/dual.dgetichiapas.com\/?page_id=25"},"modified":"2024-07-01T02:46:04","modified_gmt":"2024-07-01T00:46:04","slug":"plataforma","status":"publish","type":"page","link":"https:\/\/dual.dgetichiapas.com\/index.php\/plataforma\/","title":{"rendered":"PLATAFORMA"},"content":{"rendered":"\n<div class=\"wp-block-columns is-layout-flex wp-container-core-columns-layout-1 wp-block-columns-is-layout-flex\">\n<div class=\"wp-block-column is-layout-flow wp-block-column-is-layout-flow\">\n<div class=\"wp-block-buttons is-layout-flex wp-block-buttons-is-layout-flex\">\n<div class=\"wp-block-button\"><a class=\"wp-block-button__link has-text-align-center wp-element-button\" href=\"https:\/\/modelo.formaciondual.sems.gob.mx\/\" target=\"_blank\" rel=\"noreferrer noopener\">Plataforma Oficial (Nacional)<\/a><\/div>\n<\/div>\n<\/div>\n\n\n\n<div class=\"wp-block-column is-layout-flow wp-block-column-is-layout-flow\">\n<div class=\"wp-block-buttons is-layout-flex wp-block-buttons-is-layout-flex\">\n<div class=\"wp-block-button\"><a class=\"wp-block-button__link wp-element-button\" href=\"http:\/\/cbtis144.com\/\" target=\"_blank\" rel=\"noreferrer noopener\">Plataforma Local (capacitaci\u00f3n y respaldo)<\/a><\/div>\n<\/div>\n<\/div>\n<\/div>\n\n\n\n<p>Las y los estudiantes de la opci\u00f3n DUAL cursan parte de su proceso de ense\u00f1anza-aprendizaje en la escuela, acudiendo 1 o 2 d\u00edas a la instituci\u00f3n educativa para recibir asesor\u00eda de las y los docentes de la opci\u00f3n DUAL, as\u00ed como expresar dudas. <\/p>\n\n\n\n<p>Las actividades de las asignaturas de tronco com\u00fan se entregan \u00fanica y exclusivamente a trav\u00e9s de la plataforma de Educaci\u00f3n DUAL de la Educaci\u00f3n Media Superior. <\/p>\n\n\n\n<p>Una vez que las y los estudiantes son aceptados en la opci\u00f3n DUAL reciben un usuario y contrase\u00f1a para acceder a la plataforma: <a href=\"http:\/\/modelo.formaciondual.sems.gob.mx\/\" target=\"_blank\" rel=\"noreferrer noopener\">http:\/\/modelo.formaciondual.sems.gob.mx\/<\/a><\/p>\n\n\n\n<figure class=\"wp-block-image size-full\"><img loading=\"lazy\" decoding=\"async\" width=\"1847\" height=\"1022\" src=\"https:\/\/dual.dgetichiapas.com\/wp-content\/uploads\/2024\/01\/PLATAFORMA-DUAL.png\" alt=\"\" class=\"wp-image-65\"\/><\/figure>\n\n\n\n<p>Adem\u00e1s de la plataforma acad\u00e9mica de la Educaci\u00f3n DUAL, contamos con una plataforma para la capacitaci\u00f3n de las y los distintos actores involucrados en la opci\u00f3n educativa DUAL, la cual tambi\u00e9n es utilizada como respaldo para realizar las actividades de las Unidades de Aprendizaje Curricular en caso de que la plataforma oficial presente fallos. <\/p>\n\n\n\n<p>Puedes acceder a esta plataforma en el siguiente enlace: <a href=\"http:\/\/cbtis144.com\/\" target=\"_blank\" rel=\"noreferrer noopener\">http:\/\/cbtis144.com\/<\/a><\/p>\n\n\n\n<figure class=\"wp-block-image size-full\"><img loading=\"lazy\" decoding=\"async\" width=\"1322\" height=\"631\" src=\"https:\/\/dual.dgetichiapas.com\/wp-content\/uploads\/2024\/07\/MOODLE-CBTIS.png\" alt=\"\" class=\"wp-image-326\"\/><\/figure>\n","protected":false},"excerpt":{"rendered":"<p>Las y los estudiantes de la opci\u00f3n DUAL cursan parte de su proceso de ense\u00f1anza-aprendizaje en la escuela, acudiendo 1 o 2 d\u00edas a la instituci\u00f3n educativa para recibir asesor\u00eda de las y los docentes de la opci\u00f3n DUAL, as\u00ed como expresar dudas. Las actividades de las asignaturas de tronco com\u00fan se entregan \u00fanica y [&hellip;]<\/p>\n","protected":false},"author":1,"featured_media":0,"parent":0,"menu_order":0,"comment_status":"closed","ping_status":"closed","template":"","meta":{"ngg_post_thumbnail":0,"footnotes":""},"_links":{"self":[{"href":"https:\/\/dual.dgetichiapas.com\/index.php\/wp-json\/wp\/v2\/pages\/25"}],"collection":[{"href":"https:\/\/dual.dgetichiapas.com\/index.php\/wp-json\/wp\/v2\/pages"}],"about":[{"href":"https:\/\/dual.dgetichiapas.com\/index.php\/wp-json\/wp\/v2\/types\/page"}],"author":[{"embeddable":true,"href":"https:\/\/dual.dgetichiapas.com\/index.php\/wp-json\/wp\/v2\/users\/1"}],"replies":[{"embeddable":true,"href":"https:\/\/dual.dgetichiapas.com\/index.php\/wp-json\/wp\/v2\/comments?post=25"}],"version-history":[{"count":6,"href":"https:\/\/dual.dgetichiapas.com\/index.php\/wp-json\/wp\/v2\/pages\/25\/revisions"}],"predecessor-version":[{"id":329,"href":"https:\/\/dual.dgetichiapas.com\/index.php\/wp-json\/wp\/v2\/pages\/25\/revisions\/329"}],"wp:attachment":[{"href":"https:\/\/dual.dgetichiapas.com\/index.php\/wp-json\/wp\/v2\/media?parent=25"}],"curies":[{"name":"wp","href":"https:\/\/api.w.org\/{rel}","templated":true}]}}